{"id":8958,"date":"2020-12-14T07:27:37","date_gmt":"2020-12-14T07:27:37","guid":{"rendered":"https:\/\/companyhub.liquid-themes.com\/staging\/?page_id=8958"},"modified":"2025-09-19T17:30:20","modified_gmt":"2025-09-19T14:30:20","slug":"a-propos-de-nous","status":"publish","type":"page","link":"https:\/\/zeynepmetin.com\/fr\/a-propos-de-nous\/","title":{"rendered":"\u00c0 Propos de Nous"},"content":{"rendered":"<div data-elementor-type=\"wp-page\" data-elementor-id=\"8958\" class=\"elementor elementor-8958\" data-elementor-post-type=\"page\">\n\t\t\t\t\t\t<section class=\"elementor-section elementor-top-section elementor-element elementor-element-8f79de8 elementor-section-height-min-height elementor-section-boxed elementor-section-height-default elementor-section-items-middle wpr-particle-no wpr-jarallax-no wpr-parallax-no wpr-sticky-section-no\" data-id=\"8f79de8\" data-element_type=\"section\" data-settings=\"{&quot;background_background&quot;:&quot;classic&quot;}\">\n\t\t\t\t\t\t\t<div class=\"elementor-background-overlay\"><\/div>\n\t\t\t\t\t\t\t<div class=\"elementor-container elementor-column-gap-default\">\n\t\t\t\t\t<div class=\"elementor-column elementor-col-100 elementor-top-column elementor-element elementor-element-d92d554\" data-id=\"d92d554\" data-element_type=\"column\">\n\t\t\t<div class=\"elementor-widget-wrap elementor-element-populated\">\n\t\t\t\t\t\t<div class=\"elementor-element elementor-element-0044b2a elementor-widget elementor-widget-hub_fancy_heading\" data-id=\"0044b2a\" data-element_type=\"widget\" data-widget_type=\"hub_fancy_heading.default\">\n\t\t\t\t<div class=\"elementor-widget-container\">\n\t\t\t\n\t\t<div id=\"ld-fancy-heading-69f20b4a2c46f\" class=\"ld-fancy-heading pos-rel\">\n\t\t\t<h1 class=\"ld-fh-element d-inline-block pos-rel  elementor-heading-title h1\"  > \u00c0 propos de nous<\/h1>\t\t<\/div>\n\n\t\t\t\t<\/div>\n\t\t\t\t<\/div>\n\t\t\t\t<div class=\"elementor-element elementor-element-34170fd elementor-widget elementor-widget-spacer\" data-id=\"34170fd\" data-element_type=\"widget\" data-widget_type=\"spacer.default\">\n\t\t\t\t<div class=\"elementor-widget-container\">\n\t\t\t\t\t<div class=\"elementor-spacer\">\n\t\t\t<div class=\"elementor-spacer-inner\"><\/div>\n\t\t<\/div>\n\t\t\t\t<\/div>\n\t\t\t\t<\/div>\n\t\t\t\t<div class=\"elementor-element elementor-element-5e9684d elementor-widget__width-auto elementor-widget elementor-widget-ld_breadcrumb\" data-id=\"5e9684d\" data-element_type=\"widget\" data-widget_type=\"ld_breadcrumb.default\">\n\t\t\t\t<div class=\"elementor-widget-container\">\n\t\t\t<div class=\"lqd-breadcrumb-wrapper\"><nav role=\"navigation\" aria-label=\"Breadcrumbs\" class=\"breadcrumbs\"><ol class=\"breadcrumb reset-ul inline-nav inline-ul comma-sep-li\"><li class=\"breadcrumb-item active\"><a href=\"https:\/\/zeynepmetin.com\/fr\" rel=\"home\"><span>Home<\/span><\/a><\/li><\/ol><\/nav><\/div>\t\t<\/div>\n\t\t\t\t<\/div>\n\t\t\t\t\t<\/div>\n\t\t<\/div>\n\t\t\t\t\t<\/div>\n\t\t<\/section>\n\t\t\t\t<section class=\"elementor-section elementor-top-section elementor-element elementor-element-df71ffa elementor-section-content-middle elementor-section-boxed elementor-section-height-default elementor-section-height-default wpr-particle-no wpr-jarallax-no wpr-parallax-no wpr-sticky-section-no\" data-id=\"df71ffa\" data-element_type=\"section\" data-settings=\"{&quot;background_background&quot;:&quot;classic&quot;}\">\n\t\t\t\t\t\t<div class=\"elementor-container elementor-column-gap-default\">\n\t\t\t\t\t<div class=\"elementor-column elementor-col-50 elementor-top-column elementor-element elementor-element-e6731a7\" data-id=\"e6731a7\" data-element_type=\"column\">\n\t\t\t<div class=\"elementor-widget-wrap elementor-element-populated\">\n\t\t\t\t\t\t<div class=\"elementor-element elementor-element-e9a3f34 elementor-widget elementor-widget-image\" data-id=\"e9a3f34\" data-element_type=\"widget\" data-widget_type=\"image.default\">\n\t\t\t\t<div class=\"elementor-widget-container\">\n\t\t\t\t\t\t\t\t\t\t\t\t\t<img fetchpriority=\"high\" decoding=\"async\" width=\"621\" height=\"857\" src=\"https:\/\/zeynepmetin.com\/fr\/wp-content\/uploads\/2024\/12\/zeynep-metin-about1.jpg\" class=\"attachment-full size-full wp-image-12663\" alt=\"\" srcset=\"https:\/\/zeynepmetin.com\/fr\/wp-content\/uploads\/2024\/12\/zeynep-metin-about1.jpg 621w,  https:\/\/zeynepmetin.com\/fr\/wp-content\/uploads\/2024\/12\/zeynep-metin-about1-217x300.jpg 217w\" sizes=\"(max-width: 621px) 100vw, 621px\" \/>\t\t\t\t\t\t\t\t\t\t\t\t\t<\/div>\n\t\t\t\t<\/div>\n\t\t\t\t\t<\/div>\n\t\t<\/div>\n\t\t\t\t<div class=\"elementor-column elementor-col-50 elementor-top-column elementor-element elementor-element-ef807eb\" data-id=\"ef807eb\" data-element_type=\"column\">\n\t\t\t<div class=\"elementor-widget-wrap elementor-element-populated\">\n\t\t\t\t\t\t<div class=\"elementor-element elementor-element-fa57bb6 elementor-absolute elementor-hidden-tablet elementor-hidden-mobile elementor-widget elementor-widget-image\" data-id=\"fa57bb6\" data-element_type=\"widget\" data-settings=\"{&quot;_position&quot;:&quot;absolute&quot;}\" data-widget_type=\"image.default\">\n\t\t\t\t<div class=\"elementor-widget-container\">\n\t\t\t\t\t\t\t\t\t\t\t\t\t<img decoding=\"async\" width=\"1000\" height=\"860\" src=\"https:\/\/zeynepmetin.com\/fr\/wp-content\/uploads\/2024\/12\/zm-logo1.png\" class=\"attachment-full size-full wp-image-12671\" alt=\"\" srcset=\"https:\/\/zeynepmetin.com\/fr\/wp-content\/uploads\/2024\/12\/zm-logo1.png 1000w,  https:\/\/zeynepmetin.com\/fr\/wp-content\/uploads\/2024\/12\/zm-logo1-300x258.png 300w\" sizes=\"(max-width: 1000px) 100vw, 1000px\" \/>\t\t\t\t\t\t\t\t\t\t\t\t\t<\/div>\n\t\t\t\t<\/div>\n\t\t\t\t<div class=\"elementor-element elementor-element-118cdff elementor-widget elementor-widget-hub_fancy_heading\" data-id=\"118cdff\" data-element_type=\"widget\" data-widget_type=\"hub_fancy_heading.default\">\n\t\t\t\t<div class=\"elementor-widget-container\">\n\t\t\t\n\t\t<div id=\"ld-fancy-heading-69f20b4a2f6bf\" class=\"ld-fancy-heading pos-rel\">\n\t\t\t<div class=\"ld-fh-element d-inline-block pos-rel  lqd-highlight-classic lqd-highlight-grow-left div\"  > Clinique Capillaire &amp; Esth\u00e9tique<\/div>\t\t<\/div>\n\n\t\t\t\t<\/div>\n\t\t\t\t<\/div>\n\t\t\t\t<div class=\"elementor-element elementor-element-16046b5 elementor-widget elementor-widget-spacer\" data-id=\"16046b5\" data-element_type=\"widget\" data-widget_type=\"spacer.default\">\n\t\t\t\t<div class=\"elementor-widget-container\">\n\t\t\t\t\t<div class=\"elementor-spacer\">\n\t\t\t<div class=\"elementor-spacer-inner\"><\/div>\n\t\t<\/div>\n\t\t\t\t<\/div>\n\t\t\t\t<\/div>\n\t\t\t\t<div class=\"elementor-element elementor-element-44dfa2d elementor-widget elementor-widget-hub_fancy_heading\" data-id=\"44dfa2d\" data-element_type=\"widget\" data-widget_type=\"hub_fancy_heading.default\">\n\t\t\t\t<div class=\"elementor-widget-container\">\n\t\t\t\n\t\t<div id=\"ld-fancy-heading-69f20b4a302de\" class=\"ld-fancy-heading pos-rel\">\n\t\t\t<h2 class=\"ld-fh-element d-inline-block pos-rel  elementor-heading-title lqd-highlight-classic lqd-highlight-grow-left h2\"  > ZEYNEP MET\u0130N<\/h2>\t\t<\/div>\n\n\t\t\t\t<\/div>\n\t\t\t\t<\/div>\n\t\t\t\t<div class=\"elementor-element elementor-element-504b8dc elementor-widget elementor-widget-spacer\" data-id=\"504b8dc\" data-element_type=\"widget\" data-widget_type=\"spacer.default\">\n\t\t\t\t<div class=\"elementor-widget-container\">\n\t\t\t\t\t<div class=\"elementor-spacer\">\n\t\t\t<div class=\"elementor-spacer-inner\"><\/div>\n\t\t<\/div>\n\t\t\t\t<\/div>\n\t\t\t\t<\/div>\n\t\t\t\t<div class=\"elementor-element elementor-element-ee82d80 elementor-widget elementor-widget-text-editor\" data-id=\"ee82d80\" data-element_type=\"widget\" data-widget_type=\"text-editor.default\">\n\t\t\t\t<div class=\"elementor-widget-container\">\n\t\t\t\t\t\t\t<p>Zeynep Metin est n\u00e9e \u00e0 Istanbul en 1992. En 2014, apr\u00e8s avoir obtenu son dipl\u00f4me du d\u00e9partement d&#8217;anesth\u00e9sie de l&#8217;universit\u00e9 de Birini, elle a travaill\u00e9 dans le domaine de la transplantation capillaire dans de nombreux h\u00f4pitaux et cliniques. Sa passion pour le progr\u00e8s dans la transplantation capillaire et sa nature perfectionniste depuis les premi\u00e8res ann\u00e9es d&#8217;universit\u00e9 lui ont permis de cr\u00e9er la soci\u00e9t\u00e9 Zeynep Metin Aesthetics &amp; Hair Tourism dans le domaine de l&#8217;esth\u00e9tique m\u00e9dicale.<\/p><p>Elle a ouvert sa soci\u00e9t\u00e9 en obtenant les certificats ISO 9001, TURSAB et INTERNATIONAL HEALTH TOURISM AUTHORIZATION CERTIFICATE. L&#8217;\u00e9quipe de Zeynep Metin s&#8217;efforce de vous garantir une op\u00e9ration confortable en donnant la priorit\u00e9 \u00e0 votre sant\u00e9.<\/p><p>Nous visons d&#8217;excellents r\u00e9sultats en suivant les derni\u00e8res technologies. Avec plus de 10 000 op\u00e9rations r\u00e9ussies et les commentaires positifs de nos clients qui nous pr\u00e9f\u00e8rent, nous sommes l&#8217;une des entreprises les plus fiables de Turquie qui se soucie de vous et du travail que nous faisons.<\/p>\t\t\t\t\t\t<\/div>\n\t\t\t\t<\/div>\n\t\t\t\t<div class=\"elementor-element elementor-element-d1a7c0c elementor-widget elementor-widget-spacer\" data-id=\"d1a7c0c\" data-element_type=\"widget\" data-widget_type=\"spacer.default\">\n\t\t\t\t<div class=\"elementor-widget-container\">\n\t\t\t\t\t<div class=\"elementor-spacer\">\n\t\t\t<div class=\"elementor-spacer-inner\"><\/div>\n\t\t<\/div>\n\t\t\t\t<\/div>\n\t\t\t\t<\/div>\n\t\t\t\t<div class=\"elementor-element elementor-element-9dbbb9f elementor-widget elementor-widget-image\" data-id=\"9dbbb9f\" data-element_type=\"widget\" data-widget_type=\"image.default\">\n\t\t\t\t<div class=\"elementor-widget-container\">\n\t\t\t\t\t\t\t\t\t\t\t\t\t<img decoding=\"async\" width=\"1585\" height=\"200\" src=\"https:\/\/zeynepmetin.com\/fr\/wp-content\/uploads\/2024\/12\/log1.png\" class=\"attachment-full size-full wp-image-12653\" alt=\"\" srcset=\"https:\/\/zeynepmetin.com\/fr\/wp-content\/uploads\/2024\/12\/log1.png 1585w,  https:\/\/zeynepmetin.com\/fr\/wp-content\/uploads\/2024\/12\/log1-300x38.png 300w,  https:\/\/zeynepmetin.com\/fr\/wp-content\/uploads\/2024\/12\/log1-1024x129.png 1024w,  https:\/\/zeynepmetin.com\/fr\/wp-content\/uploads\/2024\/12\/log1-1536x194.png 1536w\" sizes=\"(max-width: 1585px) 100vw, 1585px\" \/>\t\t\t\t\t\t\t\t\t\t\t\t\t<\/div>\n\t\t\t\t<\/div>\n\t\t\t\t\t<\/div>\n\t\t<\/div>\n\t\t\t\t\t<\/div>\n\t\t<\/section>\n\t\t\t\t<\/div>","protected":false},"excerpt":{"rendered":"<p>\u00c0 propos de nous Home Clinique Capillaire &amp; Esth\u00e9tique ZEYNEP MET\u0130N Zeynep Metin est n\u00e9e \u00e0 Istanbul en 1992. En 2014, apr\u00e8s avoir obtenu son dipl\u00f4me du d\u00e9partement d&#8217;anesth\u00e9sie de l&#8217;universit\u00e9 de Birini, elle a travaill\u00e9 dans le domaine de la transplantation capillaire dans de nombreux h\u00f4pitaux et cliniques. Sa passion pour le progr\u00e8s dans la transplantation capillaire et sa nature perfectionniste depuis les premi\u00e8res ann\u00e9es d&#8217;universit\u00e9 lui ont permis de cr\u00e9er la soci\u00e9t\u00e9 Zeynep Metin Aesthetics &amp; Hair Tourism dans le domaine de l&#8217;esth\u00e9tique m\u00e9dicale. Elle a ouvert sa soci\u00e9t\u00e9 en obtenant les certificats ISO 9001, TURSAB et INTERNATIONAL HEALTH TOURISM AUTHORIZATION CERTIFICATE. L&#8217;\u00e9quipe de Zeynep Metin s&#8217;efforce de vous garantir une op\u00e9ration confortable en donnant la priorit\u00e9 \u00e0 votre sant\u00e9. Nous visons d&#8217;excellents r\u00e9sultats en suivant les derni\u00e8res technologies. Avec plus de 10 000 op\u00e9rations r\u00e9ussies et les commentaires positifs de nos clients qui nous pr\u00e9f\u00e8rent, nous sommes l&#8217;une des entreprises les plus fiables de Turquie qui se soucie de vous et du travail que nous faisons.<\/p>","protected":false},"author":1,"featured_media":0,"parent":0,"menu_order":0,"comment_status":"closed","ping_status":"closed","template":"","meta":{"footnotes":""},"class_list":["post-8958","page","type-page","status-publish","hentry"],"aioseo_notices":[],"_links":{"self":[{"href":"https:\/\/zeynepmetin.com\/fr\/wp-json\/wp\/v2\/pages\/8958","targetHints":{"allow":["GET"]}}],"collection":[{"href":"https:\/\/zeynepmetin.com\/fr\/wp-json\/wp\/v2\/pages"}],"about":[{"href":"https:\/\/zeynepmetin.com\/fr\/wp-json\/wp\/v2\/types\/page"}],"author":[{"embeddable":true,"href":"https:\/\/zeynepmetin.com\/fr\/wp-json\/wp\/v2\/users\/1"}],"replies":[{"embeddable":true,"href":"https:\/\/zeynepmetin.com\/fr\/wp-json\/wp\/v2\/comments?post=8958"}],"version-history":[{"count":1,"href":"https:\/\/zeynepmetin.com\/fr\/wp-json\/wp\/v2\/pages\/8958\/revisions"}],"predecessor-version":[{"id":14093,"href":"https:\/\/zeynepmetin.com\/fr\/wp-json\/wp\/v2\/pages\/8958\/revisions\/14093"}],"wp:attachment":[{"href":"https:\/\/zeynepmetin.com\/fr\/wp-json\/wp\/v2\/media?parent=8958"}],"curies":[{"name":"wp","href":"https:\/\/api.w.org\/{rel}","templated":true}]}}