{"id":13509,"date":"2024-12-17T09:41:32","date_gmt":"2024-12-17T06:41:32","guid":{"rendered":"https:\/\/zeynepmetin.com\/fr\/?page_id=13509"},"modified":"2026-03-27T09:29:02","modified_gmt":"2026-03-27T06:29:02","slug":"greffe-de-cheveux","status":"publish","type":"page","link":"https:\/\/zeynepmetin.com\/fr\/greffe-de-cheveux\/","title":{"rendered":"Greffe de Cheveux"},"content":{"rendered":"<div data-elementor-type=\"wp-page\" data-elementor-id=\"13509\" class=\"elementor elementor-13509\" data-elementor-post-type=\"page\">\n\t\t\t\t\t\t<section class=\"elementor-section elementor-top-section elementor-element elementor-element-06508ed elementor-section-boxed elementor-section-height-default elementor-section-height-default wpr-particle-no wpr-jarallax-no wpr-parallax-no wpr-sticky-section-no\" data-id=\"06508ed\" data-element_type=\"section\">\n\t\t\t\t\t\t<div class=\"elementor-container elementor-column-gap-default\">\n\t\t\t\t\t<div class=\"elementor-column elementor-col-100 elementor-top-column elementor-element elementor-element-619a26f\" data-id=\"619a26f\" data-element_type=\"column\">\n\t\t\t<div class=\"elementor-widget-wrap elementor-element-populated\">\n\t\t\t\t\t\t<div class=\"elementor-element elementor-element-e8fbe49 elementor-widget__width-auto elementor-widget elementor-widget-html\" data-id=\"e8fbe49\" data-element_type=\"widget\" data-widget_type=\"html.default\">\n\t\t\t\t<div class=\"elementor-widget-container\">\n\t\t\t<div class=\"aioseo-breadcrumbs\"><span class=\"aioseo-breadcrumb\">\n\t<a href=\"https:\/\/zeynepmetin.com\/fr\" title=\"Anasayfa\">Anasayfa<\/a>\n<\/span><span class=\"aioseo-breadcrumb-separator\">\u2192<\/span><span class=\"aioseo-breadcrumb\">\n\tGreffe de Cheveux\n<\/span><\/div>\t\t<\/div>\n\t\t\t\t<\/div>\n\t\t\t\t<div class=\"elementor-element elementor-element-50938c3 elementor-widget elementor-widget-spacer\" data-id=\"50938c3\" data-element_type=\"widget\" data-widget_type=\"spacer.default\">\n\t\t\t\t<div class=\"elementor-widget-container\">\n\t\t\t\t\t<div class=\"elementor-spacer\">\n\t\t\t<div class=\"elementor-spacer-inner\"><\/div>\n\t\t<\/div>\n\t\t\t\t<\/div>\n\t\t\t\t<\/div>\n\t\t\t\t<div class=\"elementor-element elementor-element-2c8174b elementor-widget elementor-widget-hub_fancy_heading\" data-id=\"2c8174b\" data-element_type=\"widget\" data-widget_type=\"hub_fancy_heading.default\">\n\t\t\t\t<div class=\"elementor-widget-container\">\n\t\t\t\n\t\t<div id=\"ld-fancy-heading-69f20b829f09b\" class=\"ld-fancy-heading pos-rel\">\n\t\t\t<h1 class=\"ld-fh-element d-inline-block pos-rel  elementor-heading-title lqd-highlight-classic lqd-highlight-grow-left h1\"  > Greffe de Cheveux<\/h1>\t\t<\/div>\n\n\t\t\t\t<\/div>\n\t\t\t\t<\/div>\n\t\t\t\t<div class=\"elementor-element elementor-element-c66d55d elementor-widget elementor-widget-spacer\" data-id=\"c66d55d\" data-element_type=\"widget\" data-widget_type=\"spacer.default\">\n\t\t\t\t<div class=\"elementor-widget-container\">\n\t\t\t\t\t<div class=\"elementor-spacer\">\n\t\t\t<div class=\"elementor-spacer-inner\"><\/div>\n\t\t<\/div>\n\t\t\t\t<\/div>\n\t\t\t\t<\/div>\n\t\t\t\t<section class=\"elementor-section elementor-inner-section elementor-element elementor-element-84ea6dd elementor-section-full_width elementor-section-height-default elementor-section-height-default wpr-particle-no wpr-jarallax-no wpr-parallax-no wpr-sticky-section-no\" data-id=\"84ea6dd\" data-element_type=\"section\">\n\t\t\t\t\t\t<div class=\"elementor-container elementor-column-gap-default\">\n\t\t\t\t\t<div class=\"elementor-column elementor-col-25 elementor-inner-column elementor-element elementor-element-242dd8d\" data-id=\"242dd8d\" data-element_type=\"column\">\n\t\t\t<div class=\"elementor-widget-wrap elementor-element-populated\">\n\t\t\t\t\t\t<div class=\"elementor-element elementor-element-3e01089 elementor-widget elementor-widget-image\" data-id=\"3e01089\" data-element_type=\"widget\" data-widget_type=\"image.default\">\n\t\t\t\t<div class=\"elementor-widget-container\">\n\t\t\t\t\t\t\t\t\t\t\t\t\t\t<a href=\"https:\/\/zeynepmetin.com\/fr\/greffe-de-cheveux\/greffe-de-cheveux-fue\/\">\n\t\t\t\t\t\t\t<img fetchpriority=\"high\" decoding=\"async\" width=\"450\" height=\"610\" src=\"https:\/\/zeynepmetin.com\/fr\/wp-content\/uploads\/2026\/03\/fue-method-pg1.jpg\" class=\"attachment-full size-full wp-image-14645\" alt=\"\" srcset=\"https:\/\/zeynepmetin.com\/fr\/wp-content\/uploads\/2026\/03\/fue-method-pg1.jpg 450w,  https:\/\/zeynepmetin.com\/fr\/wp-content\/uploads\/2026\/03\/fue-method-pg1-221x300.jpg 221w\" sizes=\"(max-width: 450px) 100vw, 450px\" \/>\t\t\t\t\t\t\t\t<\/a>\n\t\t\t\t\t\t\t\t\t\t\t\t\t<\/div>\n\t\t\t\t<\/div>\n\t\t\t\t<div class=\"elementor-element elementor-element-a1007e6 elementor-widget elementor-widget-hub_fancy_heading\" data-id=\"a1007e6\" data-element_type=\"widget\" data-widget_type=\"hub_fancy_heading.default\">\n\t\t\t\t<div class=\"elementor-widget-container\">\n\t\t\t\n\t\t<div id=\"ld-fancy-heading-69f20b82a11cc\" class=\"ld-fancy-heading pos-rel\">\n\t\t\t<h2 class=\"ld-fh-element d-inline-block pos-rel  elementor-heading-title lqd-highlight-classic lqd-highlight-grow-left h2\" ><a href=\"https:\/\/zeynepmetin.com\/fr\/greffe-de-cheveux\/greffe-de-cheveux-fue\/\" > Greffe de cheveux FUE<\/a><\/h2>\t\t<\/div>\n\n\t\t\t\t<\/div>\n\t\t\t\t<\/div>\n\t\t\t\t\t<\/div>\n\t\t<\/div>\n\t\t\t\t<div class=\"elementor-column elementor-col-25 elementor-inner-column elementor-element elementor-element-a3bf8c8\" data-id=\"a3bf8c8\" data-element_type=\"column\">\n\t\t\t<div class=\"elementor-widget-wrap elementor-element-populated\">\n\t\t\t\t\t\t<div class=\"elementor-element elementor-element-0d5a925 elementor-widget elementor-widget-image\" data-id=\"0d5a925\" data-element_type=\"widget\" data-widget_type=\"image.default\">\n\t\t\t\t<div class=\"elementor-widget-container\">\n\t\t\t\t\t\t\t\t\t\t\t\t\t\t<a href=\"https:\/\/zeynepmetin.com\/fr\/greffe-de-cheveux\/greffe-de-cheveux-dhi\/\">\n\t\t\t\t\t\t\t<img decoding=\"async\" width=\"450\" height=\"610\" src=\"https:\/\/zeynepmetin.com\/fr\/wp-content\/uploads\/2026\/03\/dhi-yontemi-h1.jpg\" class=\"attachment-full size-full wp-image-14646\" alt=\"\" srcset=\"https:\/\/zeynepmetin.com\/fr\/wp-content\/uploads\/2026\/03\/dhi-yontemi-h1.jpg 450w,  https:\/\/zeynepmetin.com\/fr\/wp-content\/uploads\/2026\/03\/dhi-yontemi-h1-221x300.jpg 221w\" sizes=\"(max-width: 450px) 100vw, 450px\" \/>\t\t\t\t\t\t\t\t<\/a>\n\t\t\t\t\t\t\t\t\t\t\t\t\t<\/div>\n\t\t\t\t<\/div>\n\t\t\t\t<div class=\"elementor-element elementor-element-d3655ed elementor-widget elementor-widget-hub_fancy_heading\" data-id=\"d3655ed\" data-element_type=\"widget\" data-widget_type=\"hub_fancy_heading.default\">\n\t\t\t\t<div class=\"elementor-widget-container\">\n\t\t\t\n\t\t<div id=\"ld-fancy-heading-69f20b82a24f4\" class=\"ld-fancy-heading pos-rel\">\n\t\t\t<h2 class=\"ld-fh-element d-inline-block pos-rel  elementor-heading-title lqd-highlight-classic lqd-highlight-grow-left h2\" ><a href=\"https:\/\/zeynepmetin.com\/fr\/greffe-de-cheveux\/greffe-de-cheveux-dhi\/\" > Greffe de cheveux DHI<\/a><\/h2>\t\t<\/div>\n\n\t\t\t\t<\/div>\n\t\t\t\t<\/div>\n\t\t\t\t\t<\/div>\n\t\t<\/div>\n\t\t\t\t<div class=\"elementor-column elementor-col-25 elementor-inner-column elementor-element elementor-element-739dcc9\" data-id=\"739dcc9\" data-element_type=\"column\">\n\t\t\t<div class=\"elementor-widget-wrap elementor-element-populated\">\n\t\t\t\t\t\t<div class=\"elementor-element elementor-element-4406628 elementor-widget elementor-widget-image\" data-id=\"4406628\" data-element_type=\"widget\" data-widget_type=\"image.default\">\n\t\t\t\t<div class=\"elementor-widget-container\">\n\t\t\t\t\t\t\t\t\t\t\t\t\t\t<a href=\"https:\/\/zeynepmetin.com\/fr\/greffe-de-cheveux\/greffe-de-cheveux-sapphire\/\">\n\t\t\t\t\t\t\t<img decoding=\"async\" width=\"450\" height=\"610\" src=\"https:\/\/zeynepmetin.com\/fr\/wp-content\/uploads\/2026\/03\/sapphire-hair-transplant-p1.jpg\" class=\"attachment-full size-full wp-image-14647\" alt=\"\" srcset=\"https:\/\/zeynepmetin.com\/fr\/wp-content\/uploads\/2026\/03\/sapphire-hair-transplant-p1.jpg 450w,  https:\/\/zeynepmetin.com\/fr\/wp-content\/uploads\/2026\/03\/sapphire-hair-transplant-p1-221x300.jpg 221w\" sizes=\"(max-width: 450px) 100vw, 450px\" \/>\t\t\t\t\t\t\t\t<\/a>\n\t\t\t\t\t\t\t\t\t\t\t\t\t<\/div>\n\t\t\t\t<\/div>\n\t\t\t\t<div class=\"elementor-element elementor-element-0145165 elementor-widget elementor-widget-hub_fancy_heading\" data-id=\"0145165\" data-element_type=\"widget\" data-widget_type=\"hub_fancy_heading.default\">\n\t\t\t\t<div class=\"elementor-widget-container\">\n\t\t\t\n\t\t<div id=\"ld-fancy-heading-69f20b82a34ca\" class=\"ld-fancy-heading pos-rel\">\n\t\t\t<h2 class=\"ld-fh-element d-inline-block pos-rel  elementor-heading-title lqd-highlight-classic lqd-highlight-grow-left h2\" ><a href=\"https:\/\/zeynepmetin.com\/fr\/greffe-de-cheveux\/greffe-de-cheveux-sapphire\/\" > Greffe de cheveux Sapphire<\/a><\/h2>\t\t<\/div>\n\n\t\t\t\t<\/div>\n\t\t\t\t<\/div>\n\t\t\t\t\t<\/div>\n\t\t<\/div>\n\t\t\t\t<div class=\"elementor-column elementor-col-25 elementor-inner-column elementor-element elementor-element-0d9b715\" data-id=\"0d9b715\" data-element_type=\"column\">\n\t\t\t<div class=\"elementor-widget-wrap elementor-element-populated\">\n\t\t\t\t\t\t<div class=\"elementor-element elementor-element-9d56d8d elementor-widget elementor-widget-image\" data-id=\"9d56d8d\" data-element_type=\"widget\" data-widget_type=\"image.default\">\n\t\t\t\t<div class=\"elementor-widget-container\">\n\t\t\t\t\t\t\t\t\t\t\t\t\t\t<a href=\"https:\/\/zeynepmetin.com\/fr\/greffe-de-cheveux\/transplantation-de-cheveux-non-rases\/\">\n\t\t\t\t\t\t\t<img loading=\"lazy\" decoding=\"async\" width=\"450\" height=\"610\" src=\"https:\/\/zeynepmetin.com\/fr\/wp-content\/uploads\/2026\/03\/tirassiz-sac-ekimi-h1.jpg\" class=\"attachment-full size-full wp-image-14648\" alt=\"\" srcset=\"https:\/\/zeynepmetin.com\/fr\/wp-content\/uploads\/2026\/03\/tirassiz-sac-ekimi-h1.jpg 450w,  https:\/\/zeynepmetin.com\/fr\/wp-content\/uploads\/2026\/03\/tirassiz-sac-ekimi-h1-221x300.jpg 221w\" sizes=\"(max-width: 450px) 100vw, 450px\" \/>\t\t\t\t\t\t\t\t<\/a>\n\t\t\t\t\t\t\t\t\t\t\t\t\t<\/div>\n\t\t\t\t<\/div>\n\t\t\t\t<div class=\"elementor-element elementor-element-b97de35 elementor-widget elementor-widget-hub_fancy_heading\" data-id=\"b97de35\" data-element_type=\"widget\" data-widget_type=\"hub_fancy_heading.default\">\n\t\t\t\t<div class=\"elementor-widget-container\">\n\t\t\t\n\t\t<div id=\"ld-fancy-heading-69f20b82a42df\" class=\"ld-fancy-heading pos-rel\">\n\t\t\t<h2 class=\"ld-fh-element d-inline-block pos-rel  elementor-heading-title lqd-highlight-classic lqd-highlight-grow-left h2\" ><a href=\"https:\/\/zeynepmetin.com\/fr\/greffe-de-cheveux\/transplantation-de-cheveux-non-rases\/\" > Transplantation de cheveux non ras\u00e9s<\/a><\/h2>\t\t<\/div>\n\n\t\t\t\t<\/div>\n\t\t\t\t<\/div>\n\t\t\t\t\t<\/div>\n\t\t<\/div>\n\t\t\t\t\t<\/div>\n\t\t<\/section>\n\t\t\t\t<section class=\"elementor-section elementor-inner-section elementor-element elementor-element-dce6038 elementor-section-full_width elementor-section-height-default elementor-section-height-default wpr-particle-no wpr-jarallax-no wpr-parallax-no wpr-sticky-section-no\" data-id=\"dce6038\" data-element_type=\"section\">\n\t\t\t\t\t\t<div class=\"elementor-container elementor-column-gap-default\">\n\t\t\t\t\t<div class=\"elementor-column elementor-col-25 elementor-inner-column elementor-element elementor-element-82a12bd\" data-id=\"82a12bd\" data-element_type=\"column\">\n\t\t\t<div class=\"elementor-widget-wrap elementor-element-populated\">\n\t\t\t\t\t\t<div class=\"elementor-element elementor-element-491f18b elementor-widget elementor-widget-image\" data-id=\"491f18b\" data-element_type=\"widget\" data-widget_type=\"image.default\">\n\t\t\t\t<div class=\"elementor-widget-container\">\n\t\t\t\t\t\t\t\t\t\t\t\t\t\t<a href=\"https:\/\/zeynepmetin.com\/fr\/greffe-de-cheveux\/la-greffe-de-cheveux-chez-la-femme\/\">\n\t\t\t\t\t\t\t<img loading=\"lazy\" decoding=\"async\" width=\"450\" height=\"610\" src=\"https:\/\/zeynepmetin.com\/fr\/wp-content\/uploads\/2026\/03\/hair-transplant-woman-p1.jpg\" class=\"attachment-full size-full wp-image-14652\" alt=\"\" srcset=\"https:\/\/zeynepmetin.com\/fr\/wp-content\/uploads\/2026\/03\/hair-transplant-woman-p1.jpg 450w,  https:\/\/zeynepmetin.com\/fr\/wp-content\/uploads\/2026\/03\/hair-transplant-woman-p1-221x300.jpg 221w\" sizes=\"(max-width: 450px) 100vw, 450px\" \/>\t\t\t\t\t\t\t\t<\/a>\n\t\t\t\t\t\t\t\t\t\t\t\t\t<\/div>\n\t\t\t\t<\/div>\n\t\t\t\t<div class=\"elementor-element elementor-element-cb661bd elementor-widget elementor-widget-hub_fancy_heading\" data-id=\"cb661bd\" data-element_type=\"widget\" data-widget_type=\"hub_fancy_heading.default\">\n\t\t\t\t<div class=\"elementor-widget-container\">\n\t\t\t\n\t\t<div id=\"ld-fancy-heading-69f20b82a53a0\" class=\"ld-fancy-heading pos-rel\">\n\t\t\t<h2 class=\"ld-fh-element d-inline-block pos-rel  elementor-heading-title lqd-highlight-classic lqd-highlight-grow-left h2\" ><a href=\"https:\/\/zeynepmetin.com\/fr\/greffe-de-cheveux\/la-greffe-de-cheveux-chez-la-femme\/\" > La greffe de cheveux chez la femme<\/a><\/h2>\t\t<\/div>\n\n\t\t\t\t<\/div>\n\t\t\t\t<\/div>\n\t\t\t\t\t<\/div>\n\t\t<\/div>\n\t\t\t\t<div class=\"elementor-column elementor-col-25 elementor-inner-column elementor-element elementor-element-808429d\" data-id=\"808429d\" data-element_type=\"column\">\n\t\t\t<div class=\"elementor-widget-wrap elementor-element-populated\">\n\t\t\t\t\t\t<div class=\"elementor-element elementor-element-0c9ac94 elementor-widget elementor-widget-image\" data-id=\"0c9ac94\" data-element_type=\"widget\" data-widget_type=\"image.default\">\n\t\t\t\t<div class=\"elementor-widget-container\">\n\t\t\t\t\t\t\t\t\t\t\t\t\t\t<a href=\"https:\/\/zeynepmetin.com\/fr\/greffe-de-cheveux\/transplantation-de-barbe-et-de-moustache\/\">\n\t\t\t\t\t\t\t<img loading=\"lazy\" decoding=\"async\" width=\"450\" height=\"610\" src=\"https:\/\/zeynepmetin.com\/fr\/wp-content\/uploads\/2026\/03\/sakal-ekimi-h3.jpg\" class=\"attachment-full size-full wp-image-14653\" alt=\"\" srcset=\"https:\/\/zeynepmetin.com\/fr\/wp-content\/uploads\/2026\/03\/sakal-ekimi-h3.jpg 450w,  https:\/\/zeynepmetin.com\/fr\/wp-content\/uploads\/2026\/03\/sakal-ekimi-h3-221x300.jpg 221w\" sizes=\"(max-width: 450px) 100vw, 450px\" \/>\t\t\t\t\t\t\t\t<\/a>\n\t\t\t\t\t\t\t\t\t\t\t\t\t<\/div>\n\t\t\t\t<\/div>\n\t\t\t\t<div class=\"elementor-element elementor-element-ac845bc elementor-widget elementor-widget-hub_fancy_heading\" data-id=\"ac845bc\" data-element_type=\"widget\" data-widget_type=\"hub_fancy_heading.default\">\n\t\t\t\t<div class=\"elementor-widget-container\">\n\t\t\t\n\t\t<div id=\"ld-fancy-heading-69f20b82a60a6\" class=\"ld-fancy-heading pos-rel\">\n\t\t\t<h2 class=\"ld-fh-element d-inline-block pos-rel  elementor-heading-title lqd-highlight-classic lqd-highlight-grow-left h2\" ><a href=\"https:\/\/zeynepmetin.com\/fr\/greffe-de-cheveux\/transplantation-de-barbe-et-de-moustache\/\" > Transplantation de barbe et de moustache<\/a><\/h2>\t\t<\/div>\n\n\t\t\t\t<\/div>\n\t\t\t\t<\/div>\n\t\t\t\t\t<\/div>\n\t\t<\/div>\n\t\t\t\t<div class=\"elementor-column elementor-col-25 elementor-inner-column elementor-element elementor-element-4312e64\" data-id=\"4312e64\" data-element_type=\"column\">\n\t\t\t<div class=\"elementor-widget-wrap elementor-element-populated\">\n\t\t\t\t\t\t<div class=\"elementor-element elementor-element-5f4b696 elementor-widget elementor-widget-image\" data-id=\"5f4b696\" data-element_type=\"widget\" data-widget_type=\"image.default\">\n\t\t\t\t<div class=\"elementor-widget-container\">\n\t\t\t\t\t\t\t\t\t\t\t\t\t\t<a href=\"https:\/\/zeynepmetin.com\/fr\/greffe-de-cheveux\/greffe-de-sourcils\/\">\n\t\t\t\t\t\t\t<img loading=\"lazy\" decoding=\"async\" width=\"450\" height=\"610\" src=\"https:\/\/zeynepmetin.com\/fr\/wp-content\/uploads\/2026\/03\/kas-ekimi-h1.jpg\" class=\"attachment-full size-full wp-image-14654\" alt=\"\" srcset=\"https:\/\/zeynepmetin.com\/fr\/wp-content\/uploads\/2026\/03\/kas-ekimi-h1.jpg 450w,  https:\/\/zeynepmetin.com\/fr\/wp-content\/uploads\/2026\/03\/kas-ekimi-h1-221x300.jpg 221w\" sizes=\"(max-width: 450px) 100vw, 450px\" \/>\t\t\t\t\t\t\t\t<\/a>\n\t\t\t\t\t\t\t\t\t\t\t\t\t<\/div>\n\t\t\t\t<\/div>\n\t\t\t\t<div class=\"elementor-element elementor-element-c2eedf2 elementor-widget elementor-widget-hub_fancy_heading\" data-id=\"c2eedf2\" data-element_type=\"widget\" data-widget_type=\"hub_fancy_heading.default\">\n\t\t\t\t<div class=\"elementor-widget-container\">\n\t\t\t\n\t\t<div id=\"ld-fancy-heading-69f20b82a6dfc\" class=\"ld-fancy-heading pos-rel\">\n\t\t\t<h2 class=\"ld-fh-element d-inline-block pos-rel  elementor-heading-title lqd-highlight-classic lqd-highlight-grow-left h2\" ><a href=\"https:\/\/zeynepmetin.com\/fr\/greffe-de-cheveux\/greffe-de-sourcils\/\" > Greffe de sourcils<\/a><\/h2>\t\t<\/div>\n\n\t\t\t\t<\/div>\n\t\t\t\t<\/div>\n\t\t\t\t\t<\/div>\n\t\t<\/div>\n\t\t\t\t<div class=\"elementor-column elementor-col-25 elementor-inner-column elementor-element elementor-element-6ce79fd\" data-id=\"6ce79fd\" data-element_type=\"column\">\n\t\t\t<div class=\"elementor-widget-wrap elementor-element-populated\">\n\t\t\t\t\t\t<div class=\"elementor-element elementor-element-fd95589 elementor-widget elementor-widget-image\" data-id=\"fd95589\" data-element_type=\"widget\" data-widget_type=\"image.default\">\n\t\t\t\t<div class=\"elementor-widget-container\">\n\t\t\t\t\t\t\t\t\t\t\t\t\t\t<a href=\"https:\/\/zeynepmetin.com\/fr\/greffe-de-cheveux\/traitement-prp\/\">\n\t\t\t\t\t\t\t<img loading=\"lazy\" decoding=\"async\" width=\"450\" height=\"610\" src=\"https:\/\/zeynepmetin.com\/fr\/wp-content\/uploads\/2026\/03\/prp-tedavisi-h1.jpg\" class=\"attachment-full size-full wp-image-14655\" alt=\"\" srcset=\"https:\/\/zeynepmetin.com\/fr\/wp-content\/uploads\/2026\/03\/prp-tedavisi-h1.jpg 450w,  https:\/\/zeynepmetin.com\/fr\/wp-content\/uploads\/2026\/03\/prp-tedavisi-h1-221x300.jpg 221w\" sizes=\"(max-width: 450px) 100vw, 450px\" \/>\t\t\t\t\t\t\t\t<\/a>\n\t\t\t\t\t\t\t\t\t\t\t\t\t<\/div>\n\t\t\t\t<\/div>\n\t\t\t\t<div class=\"elementor-element elementor-element-d688396 elementor-widget elementor-widget-hub_fancy_heading\" data-id=\"d688396\" data-element_type=\"widget\" data-widget_type=\"hub_fancy_heading.default\">\n\t\t\t\t<div class=\"elementor-widget-container\">\n\t\t\t\n\t\t<div id=\"ld-fancy-heading-69f20b82a7bb0\" class=\"ld-fancy-heading pos-rel\">\n\t\t\t<h2 class=\"ld-fh-element d-inline-block pos-rel  elementor-heading-title lqd-highlight-classic lqd-highlight-grow-left h2\" ><a href=\"https:\/\/zeynepmetin.com\/fr\/greffe-de-cheveux\/traitement-prp\/\" > Traitement PRP<\/a><\/h2>\t\t<\/div>\n\n\t\t\t\t<\/div>\n\t\t\t\t<\/div>\n\t\t\t\t\t<\/div>\n\t\t<\/div>\n\t\t\t\t\t<\/div>\n\t\t<\/section>\n\t\t\t\t<section class=\"elementor-section elementor-inner-section elementor-element elementor-element-bea5dac elementor-section-full_width elementor-section-height-default elementor-section-height-default wpr-particle-no wpr-jarallax-no wpr-parallax-no wpr-sticky-section-no\" data-id=\"bea5dac\" data-element_type=\"section\">\n\t\t\t\t\t\t<div class=\"elementor-container elementor-column-gap-default\">\n\t\t\t\t\t<div class=\"elementor-column elementor-col-25 elementor-inner-column elementor-element elementor-element-8b1817b\" data-id=\"8b1817b\" data-element_type=\"column\">\n\t\t\t<div class=\"elementor-widget-wrap elementor-element-populated\">\n\t\t\t\t\t\t<div class=\"elementor-element elementor-element-af3a644 elementor-widget elementor-widget-image\" data-id=\"af3a644\" data-element_type=\"widget\" data-widget_type=\"image.default\">\n\t\t\t\t<div class=\"elementor-widget-container\">\n\t\t\t\t\t\t\t\t\t\t\t\t\t\t<a href=\"https:\/\/zeynepmetin.com\/fr\/greffe-de-cheveux\/mesotherapie-capillaire\/\">\n\t\t\t\t\t\t\t<img loading=\"lazy\" decoding=\"async\" width=\"450\" height=\"610\" src=\"https:\/\/zeynepmetin.com\/fr\/wp-content\/uploads\/2026\/03\/sac-mezoterapisi-h1.jpg\" class=\"attachment-full size-full wp-image-14659\" alt=\"\" srcset=\"https:\/\/zeynepmetin.com\/fr\/wp-content\/uploads\/2026\/03\/sac-mezoterapisi-h1.jpg 450w,  https:\/\/zeynepmetin.com\/fr\/wp-content\/uploads\/2026\/03\/sac-mezoterapisi-h1-221x300.jpg 221w\" sizes=\"(max-width: 450px) 100vw, 450px\" \/>\t\t\t\t\t\t\t\t<\/a>\n\t\t\t\t\t\t\t\t\t\t\t\t\t<\/div>\n\t\t\t\t<\/div>\n\t\t\t\t<div class=\"elementor-element elementor-element-cd25d17 elementor-widget elementor-widget-hub_fancy_heading\" data-id=\"cd25d17\" data-element_type=\"widget\" data-widget_type=\"hub_fancy_heading.default\">\n\t\t\t\t<div class=\"elementor-widget-container\">\n\t\t\t\n\t\t<div id=\"ld-fancy-heading-69f20b82a8b95\" class=\"ld-fancy-heading pos-rel\">\n\t\t\t<h2 class=\"ld-fh-element d-inline-block pos-rel  elementor-heading-title lqd-highlight-classic lqd-highlight-grow-left h2\" ><a href=\"https:\/\/zeynepmetin.com\/fr\/greffe-de-cheveux\/mesotherapie-capillaire\/\" > M\u00e9soth\u00e9rapie capillaire<\/a><\/h2>\t\t<\/div>\n\n\t\t\t\t<\/div>\n\t\t\t\t<\/div>\n\t\t\t\t\t<\/div>\n\t\t<\/div>\n\t\t\t\t<div class=\"elementor-column elementor-col-25 elementor-inner-column elementor-element elementor-element-9c2f070\" data-id=\"9c2f070\" data-element_type=\"column\">\n\t\t\t<div class=\"elementor-widget-wrap\">\n\t\t\t\t\t\t\t<\/div>\n\t\t<\/div>\n\t\t\t\t<div class=\"elementor-column elementor-col-25 elementor-inner-column elementor-element elementor-element-8968927\" data-id=\"8968927\" data-element_type=\"column\">\n\t\t\t<div class=\"elementor-widget-wrap\">\n\t\t\t\t\t\t\t<\/div>\n\t\t<\/div>\n\t\t\t\t<div class=\"elementor-column elementor-col-25 elementor-inner-column elementor-element elementor-element-db4698d\" data-id=\"db4698d\" data-element_type=\"column\">\n\t\t\t<div class=\"elementor-widget-wrap\">\n\t\t\t\t\t\t\t<\/div>\n\t\t<\/div>\n\t\t\t\t\t<\/div>\n\t\t<\/section>\n\t\t\t\t\t<\/div>\n\t\t<\/div>\n\t\t\t\t\t<\/div>\n\t\t<\/section>\n\t\t\t\t<\/div>","protected":false},"excerpt":{"rendered":"<p>Greffe de Cheveux Greffe de cheveux FUE Greffe de cheveux DHI Greffe de cheveux Sapphire Transplantation de cheveux non ras\u00e9s La greffe de cheveux chez la femme Transplantation de barbe et de moustache Greffe de sourcils Traitement PRP M\u00e9soth\u00e9rapie capillaire<\/p>","protected":false},"author":1,"featured_media":0,"parent":0,"menu_order":0,"comment_status":"closed","ping_status":"closed","template":"","meta":{"footnotes":""},"class_list":["post-13509","page","type-page","status-publish","hentry"],"aioseo_notices":[],"_links":{"self":[{"href":"https:\/\/zeynepmetin.com\/fr\/wp-json\/wp\/v2\/pages\/13509","targetHints":{"allow":["GET"]}}],"collection":[{"href":"https:\/\/zeynepmetin.com\/fr\/wp-json\/wp\/v2\/pages"}],"about":[{"href":"https:\/\/zeynepmetin.com\/fr\/wp-json\/wp\/v2\/types\/page"}],"author":[{"embeddable":true,"href":"https:\/\/zeynepmetin.com\/fr\/wp-json\/wp\/v2\/users\/1"}],"replies":[{"embeddable":true,"href":"https:\/\/zeynepmetin.com\/fr\/wp-json\/wp\/v2\/comments?post=13509"}],"version-history":[{"count":10,"href":"https:\/\/zeynepmetin.com\/fr\/wp-json\/wp\/v2\/pages\/13509\/revisions"}],"predecessor-version":[{"id":14674,"href":"https:\/\/zeynepmetin.com\/fr\/wp-json\/wp\/v2\/pages\/13509\/revisions\/14674"}],"wp:attachment":[{"href":"https:\/\/zeynepmetin.com\/fr\/wp-json\/wp\/v2\/media?parent=13509"}],"curies":[{"name":"wp","href":"https:\/\/api.w.org\/{rel}","templated":true}]}}