{"id":11926,"date":"2022-04-14T02:19:52","date_gmt":"2022-04-13T23:19:52","guid":{"rendered":"https:\/\/zeynepmetin.com\/de\/?page_id=11926"},"modified":"2025-05-21T15:18:12","modified_gmt":"2025-05-21T12:18:12","slug":"blog","status":"publish","type":"page","link":"https:\/\/zeynepmetin.com\/de\/blog\/","title":{"rendered":"Blog"},"content":{"rendered":"<div data-elementor-type=\"wp-page\" data-elementor-id=\"11926\" class=\"elementor elementor-11926\" data-elementor-post-type=\"page\">\n\t\t\t\t\t\t<section class=\"elementor-section elementor-top-section elementor-element elementor-element-ca8e967 elementor-section-height-min-height elementor-section-boxed elementor-section-height-default elementor-section-items-middle wpr-particle-no wpr-jarallax-no wpr-parallax-no wpr-sticky-section-no\" data-id=\"ca8e967\" data-element_type=\"section\" data-settings=\"{&quot;background_background&quot;:&quot;classic&quot;}\">\n\t\t\t\t\t\t\t<div class=\"elementor-background-overlay\"><\/div>\n\t\t\t\t\t\t\t<div class=\"elementor-container elementor-column-gap-default\">\n\t\t\t\t\t<div class=\"elementor-column elementor-col-100 elementor-top-column elementor-element elementor-element-78cf270\" data-id=\"78cf270\" data-element_type=\"column\">\n\t\t\t<div class=\"elementor-widget-wrap elementor-element-populated\">\n\t\t\t\t\t\t<div class=\"elementor-element elementor-element-d6d6c2c elementor-widget elementor-widget-hub_fancy_heading\" data-id=\"d6d6c2c\" data-element_type=\"widget\" data-widget_type=\"hub_fancy_heading.default\">\n\t\t\t\t<div class=\"elementor-widget-container\">\n\t\t\t\n\t\t<div id=\"ld-fancy-heading-6a008797914bf\" class=\"ld-fancy-heading pos-rel\">\n\t\t\t<h1 class=\"ld-fh-element d-inline-block pos-rel  elementor-heading-title h1\"  > BLOG ARTICLES<\/h1>\t\t<\/div>\n\n\t\t\t\t<\/div>\n\t\t\t\t<\/div>\n\t\t\t\t<div class=\"elementor-element elementor-element-910fd47 elementor-widget elementor-widget-spacer\" data-id=\"910fd47\" data-element_type=\"widget\" data-widget_type=\"spacer.default\">\n\t\t\t\t<div class=\"elementor-widget-container\">\n\t\t\t\t\t<div class=\"elementor-spacer\">\n\t\t\t<div class=\"elementor-spacer-inner\"><\/div>\n\t\t<\/div>\n\t\t\t\t<\/div>\n\t\t\t\t<\/div>\n\t\t\t\t<div class=\"elementor-element elementor-element-42069c0 elementor-widget__width-auto elementor-widget elementor-widget-ld_breadcrumb\" data-id=\"42069c0\" data-element_type=\"widget\" data-widget_type=\"ld_breadcrumb.default\">\n\t\t\t\t<div class=\"elementor-widget-container\">\n\t\t\t<div class=\"lqd-breadcrumb-wrapper\"><nav role=\"navigation\" aria-label=\"Breadcrumbs\" class=\"breadcrumbs\"><ol class=\"breadcrumb reset-ul inline-nav inline-ul comma-sep-li\"><li class=\"breadcrumb-item active\"><a href=\"https:\/\/zeynepmetin.com\/de\" rel=\"home\"><span>Home<\/span><\/a><\/li><\/ol><\/nav><\/div>\t\t<\/div>\n\t\t\t\t<\/div>\n\t\t\t\t\t<\/div>\n\t\t<\/div>\n\t\t\t\t\t<\/div>\n\t\t<\/section>\n\t\t\t\t<section class=\"elementor-section elementor-top-section elementor-element elementor-element-6c34c8a elementor-section-boxed elementor-section-height-default elementor-section-height-default wpr-particle-no wpr-jarallax-no wpr-parallax-no wpr-sticky-section-no\" data-id=\"6c34c8a\" data-element_type=\"section\">\n\t\t\t\t\t\t<div class=\"elementor-container elementor-column-gap-default\">\n\t\t\t\t\t<div class=\"elementor-column elementor-col-100 elementor-top-column elementor-element elementor-element-333a31e\" data-id=\"333a31e\" data-element_type=\"column\">\n\t\t\t<div class=\"elementor-widget-wrap elementor-element-populated\">\n\t\t\t\t\t\t<div class=\"elementor-element elementor-element-1970de3 elementor-grid-3 elementor-grid-tablet-2 elementor-grid-mobile-1 elementor-posts--thumbnail-top elementor-card-shadow-yes elementor-posts__hover-gradient elementor-widget elementor-widget-posts\" data-id=\"1970de3\" data-element_type=\"widget\" data-settings=\"{&quot;cards_row_gap&quot;:{&quot;unit&quot;:&quot;px&quot;,&quot;size&quot;:14,&quot;sizes&quot;:[]},&quot;cards_columns&quot;:&quot;3&quot;,&quot;cards_columns_tablet&quot;:&quot;2&quot;,&quot;cards_columns_mobile&quot;:&quot;1&quot;,&quot;cards_row_gap_tablet&quot;:{&quot;unit&quot;:&quot;px&quot;,&quot;size&quot;:&quot;&quot;,&quot;sizes&quot;:[]},&quot;cards_row_gap_mobile&quot;:{&quot;unit&quot;:&quot;px&quot;,&quot;size&quot;:&quot;&quot;,&quot;sizes&quot;:[]}}\" data-widget_type=\"posts.cards\">\n\t\t\t\t<div class=\"elementor-widget-container\">\n\t\t\t\t\t<div class=\"elementor-posts-container elementor-posts elementor-posts--skin-cards elementor-grid\">\n\t\t\t\t<article class=\"elementor-post elementor-grid-item post-13925 post type-post status-publish format-standard has-post-thumbnail hentry category-hair-transplant\">\n\t\t\t<div class=\"elementor-post__card\">\n\t\t\t\t<a class=\"elementor-post__thumbnail__link\" href=\"https:\/\/zeynepmetin.com\/de\/zeitplan-nach-der-haartransplantation-was-zwischen-tag-1-und-einem-jahr-passiert.html\/\" tabindex=\"-1\" ><div class=\"elementor-post__thumbnail\"><img fetchpriority=\"high\" decoding=\"async\" width=\"1480\" height=\"840\" src=\"https:\/\/zeynepmetin.com\/de\/wp-content\/uploads\/2025\/06\/hair-transplant-result-1.jpg\" class=\"attachment-full size-full wp-image-13926\" alt=\"\" srcset=\"https:\/\/zeynepmetin.com\/de\/wp-content\/uploads\/2025\/06\/hair-transplant-result-1.jpg 1480w,  https:\/\/zeynepmetin.com\/de\/wp-content\/uploads\/2025\/06\/hair-transplant-result-1-300x170.jpg 300w,  https:\/\/zeynepmetin.com\/de\/wp-content\/uploads\/2025\/06\/hair-transplant-result-1-1024x581.jpg 1024w\" sizes=\"(max-width: 1480px) 100vw, 1480px\" \/><\/div><\/a>\n\t\t\t\t<div class=\"elementor-post__badge\">Ha\u0131r Transplant<\/div>\n\t\t\t\t<div class=\"elementor-post__text\">\n\t\t\t\t<h3 class=\"elementor-post__title\">\n\t\t\t<a href=\"https:\/\/zeynepmetin.com\/de\/zeitplan-nach-der-haartransplantation-was-zwischen-tag-1-und-einem-jahr-passiert.html\/\" >\n\t\t\t\tZeitplan nach der Haartransplantation: Was zwischen Tag 1 und einem Jahr passiert\t\t\t<\/a>\n\t\t<\/h3>\n\t\t\n\t\t<a class=\"elementor-post__read-more\" href=\"https:\/\/zeynepmetin.com\/de\/zeitplan-nach-der-haartransplantation-was-zwischen-tag-1-und-einem-jahr-passiert.html\/\" aria-label=\"Read more about Zeitplan nach der Haartransplantation: Was zwischen Tag 1 und einem Jahr passiert\" tabindex=\"-1\" >\n\t\t\tRead More &gt;\t\t<\/a>\n\n\t\t\t\t<\/div>\n\t\t\t\t\t<\/div>\n\t\t<\/article>\n\t\t\t\t<article class=\"elementor-post elementor-grid-item post-13917 post type-post status-publish format-standard has-post-thumbnail hentry category-hair-transplant\">\n\t\t\t<div class=\"elementor-post__card\">\n\t\t\t\t<a class=\"elementor-post__thumbnail__link\" href=\"https:\/\/zeynepmetin.com\/de\/haartransplantation-bei-afro-frauen.html\/\" tabindex=\"-1\" ><div class=\"elementor-post__thumbnail\"><img decoding=\"async\" width=\"1480\" height=\"840\" src=\"https:\/\/zeynepmetin.com\/de\/wp-content\/uploads\/2025\/05\/afro-hair-transplant-4.jpg\" class=\"attachment-full size-full wp-image-13918\" alt=\"\" srcset=\"https:\/\/zeynepmetin.com\/de\/wp-content\/uploads\/2025\/05\/afro-hair-transplant-4.jpg 1480w,  https:\/\/zeynepmetin.com\/de\/wp-content\/uploads\/2025\/05\/afro-hair-transplant-4-300x170.jpg 300w,  https:\/\/zeynepmetin.com\/de\/wp-content\/uploads\/2025\/05\/afro-hair-transplant-4-1024x581.jpg 1024w\" sizes=\"(max-width: 1480px) 100vw, 1480px\" \/><\/div><\/a>\n\t\t\t\t<div class=\"elementor-post__badge\">Ha\u0131r Transplant<\/div>\n\t\t\t\t<div class=\"elementor-post__text\">\n\t\t\t\t<h3 class=\"elementor-post__title\">\n\t\t\t<a href=\"https:\/\/zeynepmetin.com\/de\/haartransplantation-bei-afro-frauen.html\/\" >\n\t\t\t\tHaartransplantation bei Afro-Frauen\t\t\t<\/a>\n\t\t<\/h3>\n\t\t\n\t\t<a class=\"elementor-post__read-more\" href=\"https:\/\/zeynepmetin.com\/de\/haartransplantation-bei-afro-frauen.html\/\" aria-label=\"Read more about Haartransplantation bei Afro-Frauen\" tabindex=\"-1\" >\n\t\t\tRead More &gt;\t\t<\/a>\n\n\t\t\t\t<\/div>\n\t\t\t\t\t<\/div>\n\t\t<\/article>\n\t\t\t\t<article class=\"elementor-post elementor-grid-item post-13908 post type-post status-publish format-standard has-post-thumbnail hentry category-hair-transplant\">\n\t\t\t<div class=\"elementor-post__card\">\n\t\t\t\t<a class=\"elementor-post__thumbnail__link\" href=\"https:\/\/zeynepmetin.com\/de\/zeynep-metin-haarklinik-haartransplantation-bei-frauen.html\/\" tabindex=\"-1\" ><div class=\"elementor-post__thumbnail\"><img decoding=\"async\" width=\"1480\" height=\"840\" src=\"https:\/\/zeynepmetin.com\/de\/wp-content\/uploads\/2025\/05\/kadin-sac-ekimi-3.jpg\" class=\"attachment-full size-full wp-image-13912\" alt=\"\" srcset=\"https:\/\/zeynepmetin.com\/de\/wp-content\/uploads\/2025\/05\/kadin-sac-ekimi-3.jpg 1480w,  https:\/\/zeynepmetin.com\/de\/wp-content\/uploads\/2025\/05\/kadin-sac-ekimi-3-300x170.jpg 300w,  https:\/\/zeynepmetin.com\/de\/wp-content\/uploads\/2025\/05\/kadin-sac-ekimi-3-1024x581.jpg 1024w\" sizes=\"(max-width: 1480px) 100vw, 1480px\" \/><\/div><\/a>\n\t\t\t\t<div class=\"elementor-post__badge\">Ha\u0131r Transplant<\/div>\n\t\t\t\t<div class=\"elementor-post__text\">\n\t\t\t\t<h3 class=\"elementor-post__title\">\n\t\t\t<a href=\"https:\/\/zeynepmetin.com\/de\/zeynep-metin-haarklinik-haartransplantation-bei-frauen.html\/\" >\n\t\t\t\tZeynep Metin (Haarklinik) &#8211; Haartransplantation bei Frauen\t\t\t<\/a>\n\t\t<\/h3>\n\t\t\n\t\t<a class=\"elementor-post__read-more\" href=\"https:\/\/zeynepmetin.com\/de\/zeynep-metin-haarklinik-haartransplantation-bei-frauen.html\/\" aria-label=\"Read more about Zeynep Metin (Haarklinik) &#8211; Haartransplantation bei Frauen\" tabindex=\"-1\" >\n\t\t\tRead More &gt;\t\t<\/a>\n\n\t\t\t\t<\/div>\n\t\t\t\t\t<\/div>\n\t\t<\/article>\n\t\t\t\t<article class=\"elementor-post elementor-grid-item post-13902 post type-post status-publish format-standard has-post-thumbnail hentry category-hair-transplant\">\n\t\t\t<div class=\"elementor-post__card\">\n\t\t\t\t<a class=\"elementor-post__thumbnail__link\" href=\"https:\/\/zeynepmetin.com\/de\/afro-haartransplantation-naturliche-und-dauerhafte-ergebnisse-mit-zeynep-metin-hair-clinic.html\/\" tabindex=\"-1\" ><div class=\"elementor-post__thumbnail\"><img loading=\"lazy\" decoding=\"async\" width=\"1480\" height=\"840\" src=\"https:\/\/zeynepmetin.com\/de\/wp-content\/uploads\/2025\/05\/afro-hair-transplant-3.jpg\" class=\"attachment-full size-full wp-image-13903\" alt=\"\" srcset=\"https:\/\/zeynepmetin.com\/de\/wp-content\/uploads\/2025\/05\/afro-hair-transplant-3.jpg 1480w,  https:\/\/zeynepmetin.com\/de\/wp-content\/uploads\/2025\/05\/afro-hair-transplant-3-300x170.jpg 300w,  https:\/\/zeynepmetin.com\/de\/wp-content\/uploads\/2025\/05\/afro-hair-transplant-3-1024x581.jpg 1024w\" sizes=\"(max-width: 1480px) 100vw, 1480px\" \/><\/div><\/a>\n\t\t\t\t<div class=\"elementor-post__badge\">Ha\u0131r Transplant<\/div>\n\t\t\t\t<div class=\"elementor-post__text\">\n\t\t\t\t<h3 class=\"elementor-post__title\">\n\t\t\t<a href=\"https:\/\/zeynepmetin.com\/de\/afro-haartransplantation-naturliche-und-dauerhafte-ergebnisse-mit-zeynep-metin-hair-clinic.html\/\" >\n\t\t\t\tAfro-Haartransplantation: Nat\u00fcrliche und dauerhafte Ergebnisse mit Zeynep Metin Hair Clinic\t\t\t<\/a>\n\t\t<\/h3>\n\t\t\n\t\t<a class=\"elementor-post__read-more\" href=\"https:\/\/zeynepmetin.com\/de\/afro-haartransplantation-naturliche-und-dauerhafte-ergebnisse-mit-zeynep-metin-hair-clinic.html\/\" aria-label=\"Read more about Afro-Haartransplantation: Nat\u00fcrliche und dauerhafte Ergebnisse mit Zeynep Metin Hair Clinic\" tabindex=\"-1\" >\n\t\t\tRead More &gt;\t\t<\/a>\n\n\t\t\t\t<\/div>\n\t\t\t\t\t<\/div>\n\t\t<\/article>\n\t\t\t\t<article class=\"elementor-post elementor-grid-item post-13878 post type-post status-publish format-standard has-post-thumbnail hentry category-hair-transplant\">\n\t\t\t<div class=\"elementor-post__card\">\n\t\t\t\t<a class=\"elementor-post__thumbnail__link\" href=\"https:\/\/zeynepmetin.com\/de\/was-fallt-uns-ein-wenn-wir-von-vertrauen-in-die-haartransplantation-sprechen.html\/\" tabindex=\"-1\" ><div class=\"elementor-post__thumbnail\"><img loading=\"lazy\" decoding=\"async\" width=\"1480\" height=\"840\" src=\"https:\/\/zeynepmetin.com\/de\/wp-content\/uploads\/2025\/05\/zm-hair-transplant-1.jpg\" class=\"attachment-full size-full wp-image-13879\" alt=\"\" srcset=\"https:\/\/zeynepmetin.com\/de\/wp-content\/uploads\/2025\/05\/zm-hair-transplant-1.jpg 1480w,  https:\/\/zeynepmetin.com\/de\/wp-content\/uploads\/2025\/05\/zm-hair-transplant-1-300x170.jpg 300w,  https:\/\/zeynepmetin.com\/de\/wp-content\/uploads\/2025\/05\/zm-hair-transplant-1-1024x581.jpg 1024w\" sizes=\"(max-width: 1480px) 100vw, 1480px\" \/><\/div><\/a>\n\t\t\t\t<div class=\"elementor-post__badge\">Ha\u0131r Transplant<\/div>\n\t\t\t\t<div class=\"elementor-post__text\">\n\t\t\t\t<h3 class=\"elementor-post__title\">\n\t\t\t<a href=\"https:\/\/zeynepmetin.com\/de\/was-fallt-uns-ein-wenn-wir-von-vertrauen-in-die-haartransplantation-sprechen.html\/\" >\n\t\t\t\tWas f\u00e4llt uns ein, wenn wir von Vertrauen in die Haartransplantation sprechen?\t\t\t<\/a>\n\t\t<\/h3>\n\t\t\n\t\t<a class=\"elementor-post__read-more\" href=\"https:\/\/zeynepmetin.com\/de\/was-fallt-uns-ein-wenn-wir-von-vertrauen-in-die-haartransplantation-sprechen.html\/\" aria-label=\"Read more about Was f\u00e4llt uns ein, wenn wir von Vertrauen in die Haartransplantation sprechen?\" tabindex=\"-1\" >\n\t\t\tRead More &gt;\t\t<\/a>\n\n\t\t\t\t<\/div>\n\t\t\t\t\t<\/div>\n\t\t<\/article>\n\t\t\t\t<article class=\"elementor-post elementor-grid-item post-13872 post type-post status-publish format-standard has-post-thumbnail hentry category-hair-transplant\">\n\t\t\t<div class=\"elementor-post__card\">\n\t\t\t\t<a class=\"elementor-post__thumbnail__link\" href=\"https:\/\/zeynepmetin.com\/de\/warum-die-turkei-fur-eine-haartransplantation-wahlen-der-zeynep-metin-unterschied.html\/\" tabindex=\"-1\" ><div class=\"elementor-post__thumbnail\"><img loading=\"lazy\" decoding=\"async\" width=\"1480\" height=\"840\" src=\"https:\/\/zeynepmetin.com\/de\/wp-content\/uploads\/2025\/05\/sac-ekimi-zm-1.jpg\" class=\"attachment-full size-full wp-image-13873\" alt=\"\" srcset=\"https:\/\/zeynepmetin.com\/de\/wp-content\/uploads\/2025\/05\/sac-ekimi-zm-1.jpg 1480w,  https:\/\/zeynepmetin.com\/de\/wp-content\/uploads\/2025\/05\/sac-ekimi-zm-1-300x170.jpg 300w,  https:\/\/zeynepmetin.com\/de\/wp-content\/uploads\/2025\/05\/sac-ekimi-zm-1-1024x581.jpg 1024w\" sizes=\"(max-width: 1480px) 100vw, 1480px\" \/><\/div><\/a>\n\t\t\t\t<div class=\"elementor-post__badge\">Ha\u0131r Transplant<\/div>\n\t\t\t\t<div class=\"elementor-post__text\">\n\t\t\t\t<h3 class=\"elementor-post__title\">\n\t\t\t<a href=\"https:\/\/zeynepmetin.com\/de\/warum-die-turkei-fur-eine-haartransplantation-wahlen-der-zeynep-metin-unterschied.html\/\" >\n\t\t\t\tWarum die T\u00fcrkei f\u00fcr eine Haartransplantation w\u00e4hlen? Der Zeynep Metin Unterschied\t\t\t<\/a>\n\t\t<\/h3>\n\t\t\n\t\t<a class=\"elementor-post__read-more\" href=\"https:\/\/zeynepmetin.com\/de\/warum-die-turkei-fur-eine-haartransplantation-wahlen-der-zeynep-metin-unterschied.html\/\" aria-label=\"Read more about Warum die T\u00fcrkei f\u00fcr eine Haartransplantation w\u00e4hlen? Der Zeynep Metin Unterschied\" tabindex=\"-1\" >\n\t\t\tRead More &gt;\t\t<\/a>\n\n\t\t\t\t<\/div>\n\t\t\t\t\t<\/div>\n\t\t<\/article>\n\t\t\t\t<article class=\"elementor-post elementor-grid-item post-13250 post type-post status-publish format-standard has-post-thumbnail hentry category-hair-transplant\">\n\t\t\t<div class=\"elementor-post__card\">\n\t\t\t\t<a class=\"elementor-post__thumbnail__link\" href=\"https:\/\/zeynepmetin.com\/de\/haar-prp-behandlung-eine-naturliche-methode-zur-wiederbelebung-der-haargesundheit.html\/\" tabindex=\"-1\" ><div class=\"elementor-post__thumbnail\"><img loading=\"lazy\" decoding=\"async\" width=\"1480\" height=\"840\" src=\"https:\/\/zeynepmetin.com\/de\/wp-content\/uploads\/2024\/12\/sac-prp-1.jpg\" class=\"attachment-full size-full wp-image-13251\" alt=\"\" srcset=\"https:\/\/zeynepmetin.com\/de\/wp-content\/uploads\/2024\/12\/sac-prp-1.jpg 1480w,  https:\/\/zeynepmetin.com\/de\/wp-content\/uploads\/2024\/12\/sac-prp-1-300x170.jpg 300w,  https:\/\/zeynepmetin.com\/de\/wp-content\/uploads\/2024\/12\/sac-prp-1-1024x581.jpg 1024w,  https:\/\/zeynepmetin.com\/de\/wp-content\/uploads\/2024\/12\/sac-prp-1-640x364.jpg 640w\" sizes=\"(max-width: 1480px) 100vw, 1480px\" \/><\/div><\/a>\n\t\t\t\t<div class=\"elementor-post__badge\">Ha\u0131r Transplant<\/div>\n\t\t\t\t<div class=\"elementor-post__text\">\n\t\t\t\t<h3 class=\"elementor-post__title\">\n\t\t\t<a href=\"https:\/\/zeynepmetin.com\/de\/haar-prp-behandlung-eine-naturliche-methode-zur-wiederbelebung-der-haargesundheit.html\/\" >\n\t\t\t\tHaar-PRP-Behandlung: Eine nat\u00fcrliche Methode zur Wiederbelebung der Haargesundheit\t\t\t<\/a>\n\t\t<\/h3>\n\t\t\n\t\t<a class=\"elementor-post__read-more\" href=\"https:\/\/zeynepmetin.com\/de\/haar-prp-behandlung-eine-naturliche-methode-zur-wiederbelebung-der-haargesundheit.html\/\" aria-label=\"Read more about Haar-PRP-Behandlung: Eine nat\u00fcrliche Methode zur Wiederbelebung der Haargesundheit\" tabindex=\"-1\" >\n\t\t\tRead More &gt;\t\t<\/a>\n\n\t\t\t\t<\/div>\n\t\t\t\t\t<\/div>\n\t\t<\/article>\n\t\t\t\t<article class=\"elementor-post elementor-grid-item post-13241 post type-post status-publish format-standard has-post-thumbnail hentry category-hair-transplant\">\n\t\t\t<div class=\"elementor-post__card\">\n\t\t\t\t<a class=\"elementor-post__thumbnail__link\" href=\"https:\/\/zeynepmetin.com\/de\/sapphire-hair-transplant-natural-look-with-innovative-technology.html\/\" tabindex=\"-1\" ><div class=\"elementor-post__thumbnail\"><img loading=\"lazy\" decoding=\"async\" width=\"1480\" height=\"840\" src=\"https:\/\/zeynepmetin.com\/de\/wp-content\/uploads\/2024\/12\/sapphire-hair-transplant-blog-1.jpg\" class=\"attachment-full size-full wp-image-13243\" alt=\"\" srcset=\"https:\/\/zeynepmetin.com\/de\/wp-content\/uploads\/2024\/12\/sapphire-hair-transplant-blog-1.jpg 1480w,  https:\/\/zeynepmetin.com\/de\/wp-content\/uploads\/2024\/12\/sapphire-hair-transplant-blog-1-300x170.jpg 300w,  https:\/\/zeynepmetin.com\/de\/wp-content\/uploads\/2024\/12\/sapphire-hair-transplant-blog-1-1024x581.jpg 1024w,  https:\/\/zeynepmetin.com\/de\/wp-content\/uploads\/2024\/12\/sapphire-hair-transplant-blog-1-640x364.jpg 640w\" sizes=\"(max-width: 1480px) 100vw, 1480px\" \/><\/div><\/a>\n\t\t\t\t<div class=\"elementor-post__badge\">Ha\u0131r Transplant<\/div>\n\t\t\t\t<div class=\"elementor-post__text\">\n\t\t\t\t<h3 class=\"elementor-post__title\">\n\t\t\t<a href=\"https:\/\/zeynepmetin.com\/de\/sapphire-hair-transplant-natural-look-with-innovative-technology.html\/\" >\n\t\t\t\tSapphire Hair Transplant: Natural Look with Innovative Technology\t\t\t<\/a>\n\t\t<\/h3>\n\t\t\n\t\t<a class=\"elementor-post__read-more\" href=\"https:\/\/zeynepmetin.com\/de\/sapphire-hair-transplant-natural-look-with-innovative-technology.html\/\" aria-label=\"Read more about Sapphire Hair Transplant: Natural Look with Innovative Technology\" tabindex=\"-1\" >\n\t\t\tRead More &gt;\t\t<\/a>\n\n\t\t\t\t<\/div>\n\t\t\t\t\t<\/div>\n\t\t<\/article>\n\t\t\t\t<article class=\"elementor-post elementor-grid-item post-11240 post type-post status-publish format-standard has-post-thumbnail hentry category-hair-transplant\">\n\t\t\t<div class=\"elementor-post__card\">\n\t\t\t\t<a class=\"elementor-post__thumbnail__link\" href=\"https:\/\/zeynepmetin.com\/de\/recovery-process-after-hair-transplant.html\/\" tabindex=\"-1\" ><div class=\"elementor-post__thumbnail\"><img loading=\"lazy\" decoding=\"async\" width=\"1480\" height=\"840\" src=\"https:\/\/zeynepmetin.com\/de\/wp-content\/uploads\/2022\/04\/sac-ekimi-sonrasi-iyilesme-sureci-1.jpg\" class=\"attachment-full size-full wp-image-12906\" alt=\"\" srcset=\"https:\/\/zeynepmetin.com\/de\/wp-content\/uploads\/2022\/04\/sac-ekimi-sonrasi-iyilesme-sureci-1.jpg 1480w,  https:\/\/zeynepmetin.com\/de\/wp-content\/uploads\/2022\/04\/sac-ekimi-sonrasi-iyilesme-sureci-1-300x170.jpg 300w,  https:\/\/zeynepmetin.com\/de\/wp-content\/uploads\/2022\/04\/sac-ekimi-sonrasi-iyilesme-sureci-1-1024x581.jpg 1024w,  https:\/\/zeynepmetin.com\/de\/wp-content\/uploads\/2022\/04\/sac-ekimi-sonrasi-iyilesme-sureci-1-640x364.jpg 640w\" sizes=\"(max-width: 1480px) 100vw, 1480px\" \/><\/div><\/a>\n\t\t\t\t<div class=\"elementor-post__badge\">Ha\u0131r Transplant<\/div>\n\t\t\t\t<div class=\"elementor-post__text\">\n\t\t\t\t<h3 class=\"elementor-post__title\">\n\t\t\t<a href=\"https:\/\/zeynepmetin.com\/de\/recovery-process-after-hair-transplant.html\/\" >\n\t\t\t\tRecovery Process After Hair Transplant\t\t\t<\/a>\n\t\t<\/h3>\n\t\t\n\t\t<a class=\"elementor-post__read-more\" href=\"https:\/\/zeynepmetin.com\/de\/recovery-process-after-hair-transplant.html\/\" aria-label=\"Read more about Recovery Process After Hair Transplant\" tabindex=\"-1\" >\n\t\t\tRead More &gt;\t\t<\/a>\n\n\t\t\t\t<\/div>\n\t\t\t\t\t<\/div>\n\t\t<\/article>\n\t\t\t\t<\/div>\n\t\t\n\t\t\t\t<\/div>\n\t\t\t\t<\/div>\n\t\t\t\t\t<\/div>\n\t\t<\/div>\n\t\t\t\t\t<\/div>\n\t\t<\/section>\n\t\t\t\t<\/div>","protected":false},"excerpt":{"rendered":"<p>BLOG ARTICLES Home<\/p>","protected":false},"author":1,"featured_media":0,"parent":0,"menu_order":0,"comment_status":"closed","ping_status":"closed","template":"","meta":{"footnotes":""},"class_list":["post-11926","page","type-page","status-publish","hentry"],"aioseo_notices":[],"_links":{"self":[{"href":"https:\/\/zeynepmetin.com\/de\/wp-json\/wp\/v2\/pages\/11926","targetHints":{"allow":["GET"]}}],"collection":[{"href":"https:\/\/zeynepmetin.com\/de\/wp-json\/wp\/v2\/pages"}],"about":[{"href":"https:\/\/zeynepmetin.com\/de\/wp-json\/wp\/v2\/types\/page"}],"author":[{"embeddable":true,"href":"https:\/\/zeynepmetin.com\/de\/wp-json\/wp\/v2\/users\/1"}],"replies":[{"embeddable":true,"href":"https:\/\/zeynepmetin.com\/de\/wp-json\/wp\/v2\/comments?post=11926"}],"version-history":[{"count":18,"href":"https:\/\/zeynepmetin.com\/de\/wp-json\/wp\/v2\/pages\/11926\/revisions"}],"predecessor-version":[{"id":13911,"href":"https:\/\/zeynepmetin.com\/de\/wp-json\/wp\/v2\/pages\/11926\/revisions\/13911"}],"wp:attachment":[{"href":"https:\/\/zeynepmetin.com\/de\/wp-json\/wp\/v2\/media?parent=11926"}],"curies":[{"name":"wp","href":"https:\/\/api.w.org\/{rel}","templated":true}]}}